{"id":6653,"date":"2018-01-17T17:36:57","date_gmt":"2018-01-17T16:36:57","guid":{"rendered":"https:\/\/www.cossutti.it\/?page_id=6653"},"modified":"2023-09-12T11:58:46","modified_gmt":"2023-09-12T09:58:46","slug":"storia","status":"publish","type":"page","link":"https:\/\/www.cossutti.it\/it\/chi-siamo-2\/storia\/","title":{"rendered":"Storia"},"content":{"rendered":"<div class=\"wpb-content-wrapper\"><p>[vc_row css=&#8221;.vc_custom_1618410817007{padding-top: 15% !important;padding-bottom: 15% !important;background-image: url(https:\/\/www.cossutti.it\/wp-content\/uploads\/2021\/04\/cossutti-storia.jpg?id=9287) !important;background-position: center !important;background-repeat: no-repeat !important;background-size: cover !important;}&#8221; el_class=&#8221;backgroundImage&#8221;][vc_column css=&#8221;.vc_custom_1515769208640{background-position: center !important;background-repeat: no-repeat !important;background-size: cover !important;}&#8221;]<div class=\"edgtf-iwt clearfix edgtf-iwt-icon-top edgtf-iwt-icon-tiny\">\n    <div class=\"edgtf-iwt-icon-holder\">\n                    \n    <span class=\"edgtf-icon-shortcode normal edgtf-icon-tiny\"  >\n                \n        <i class=\"edgtf-icon-font-awesome fa  edgtf-icon-element\" style=\"\" ><\/i>\n            <\/span>\n\n            <\/div>\n    <div class=\"edgtf-iwt-content-holder\" >\n        <div class=\"edgtf-iwt-title-holder\">\n            <h4 ><\/h4>\n        <\/div>\n        <div class=\"edgtf-iwt-text-holder\">\n            <p ><\/p>\n\n                    <\/div>\n    <\/div>\n<\/div>[\/vc_column][\/vc_row][vc_row content_width=&#8221;grid&#8221; el_class=&#8221;paddingRow&#8221; css=&#8221;.vc_custom_1516885447985{padding-bottom: 30px !important;}&#8221;][vc_column width=&#8221;1\/2&#8243;][vc_column_text el_class=&#8221;titoloAboutUs&#8221;]<\/p>\n<h1 style=\"text-align: left;\">STORIA<\/h1>\n<p>[\/vc_column_text][vc_empty_space height=&#8221;5px&#8221;]<div class=\"edgtf-separator-holder clearfix  edgtf-separator-left\">\n\t<div class=\"edgtf-separator\" style=\"border-color: #00659c;border-style: solid;width: 50px;border-bottom-width: 1px;margin-top: 15px;margin-bottom: 30px\"><\/div>\n<\/div>\n[vc_column_text el_class=&#8221;georgiaSubtitle&#8221;]<\/p>\n<p style=\"text-align: left;\">Lo studio Cossutti Yacht Design di Maurizio Cossutti e Alessandro Ganz nasce nel 2008 quando Maurizio decide di lasciare il cantiere 2M Marine per dedicarsi interamente alla progettazione in proprio. Nel 2009 Alessandro inizia a collaborare con lo studio, diventandone socio nel 2013.<\/p>\n<p>[\/vc_column_text][vc_empty_space height=&#8221;28px&#8221;][vc_single_image image=&#8221;6972&#8243; img_size=&#8221;full&#8221; css=&#8221;.vc_custom_1516885786279{margin-bottom: 30px !important;}&#8221;][\/vc_column][vc_column width=&#8221;1\/2&#8243;][vc_column_text el_class=&#8221;testoAboutUs&#8221;]Maurizio Cossutti, udinese di nascita, si laurea nel 1986 in Ingegneria Navale all\u2019Universit\u00e0 di Trieste con una tesi sperimentale sulle imbarcazioni di Coppa America, comprendenti prove in vasca di modelli con chiglie con alette e varie simulazioni fluidodinamiche. Nello stesso anno entra a far parte dello Studio Starkel di Trieste, di cui successivamente diventa socio, occupandosi della progettazione di diverse imbarcazioni da crociera e da regata. Lasciato lo studio, intraprende l\u2019attivit\u00e0 progettazione in proprio, sviluppando sia nuovi progetti che modi\ufb01che a imbarcazioni esistenti.<\/p>\n<p>Nel 2003, insieme ad Alessandro Vismara e Freek Koppelmans costituisce il cantiere Marine Technologies a Villesse (Gorizia), ove si progettano e costruiscono imbarcazioni a vela da crociera e regata in materiali compositi. Vengono realizzati nel periodo 2003-2005 varie imbarcazioni custom su progetto Cossutti-Vismara (V34, V40, V46).<\/p>\n<p>Nel 2005 entra nella compagine sociale l\u2019imprenditore friulano Massimo Breggion, rilevando le quote di Vismara e Koppelmans, e il nome del cantiere diventa \u201c2M Marine\u201d dove vengono progettate e costruite le imbarcazioni a vela della nuova serie M di cui il pluricampione M37 \u00e8 il primo modello.[\/vc_column_text][\/vc_column][\/vc_row][vc_row content_width=&#8221;grid&#8221; el_class=&#8221;paddingRow&#8221; css=&#8221;.vc_custom_1516885676102{padding-top: 3% !important;padding-bottom: 30px !important;}&#8221;][vc_column width=&#8221;1\/2&#8243;][vc_column_text el_class=&#8221;titoloAboutUs&#8221;]<\/p>\n<h1 style=\"text-align: left;\">COSSUTTI YACHT DESIGN<\/h1>\n<p>[\/vc_column_text][vc_empty_space height=&#8221;5px&#8221;][vc_column_text el_class=&#8221;georgiaSubtitle&#8221;]2008[\/vc_column_text]<div class=\"edgtf-separator-holder clearfix  edgtf-separator-left\">\n\t<div class=\"edgtf-separator\" style=\"border-color: #00659c;border-style: solid;width: 50px;border-bottom-width: 1px;margin-top: 15px;margin-bottom: 30px\"><\/div>\n<\/div>\n[vc_empty_space height=&#8221;30px&#8221;][vc_single_image image=&#8221;6967&#8243; img_size=&#8221;555&#215;315&#8243; css=&#8221;.vc_custom_1516885813733{margin-bottom: 30px !important;}&#8221;][\/vc_column][vc_column width=&#8221;1\/2&#8243;][vc_column_text el_class=&#8221;testoAboutUs&#8221;]Nel 2008 Maurizio Cossutti lascia il cantiere per dedicarsi interamente alla progettazione in proprio e fonda lo studio Cossutti Yacht Design. I primi progetti dello Studio sono il NM 43 e NM38 (formerly Scugnizza, Sugar), progettati per il cantiere Nautilus di Roma, ed i Bonin 31 e 358 IRC. Contestualmente, lo studio continua a seguire vari team ed armatori nell\u2019attivit\u00e0 di modi\ufb01ca su appendici e piani velici per diverse imbarcazioni impegnate prevalentemente nei circuiti ORC e IRC. Fin dagli inizi sono numerose le collaborazioni ai pi\u00f9 vari livelli con armatori e top team, tra i quali si possono per esempio ricordare le ottimizzazioni su Brava e su Mascalzone Latino.<\/p>\n<p>Nel frattempo si unisce allo studio Alessandro Ganz, nativo di Valdobbiadene, ingegnere navale laureatosi nel 2008 all\u2019Universit\u00e0 di Trieste con un master MSc Maritime Engineering Sciences in Yacht and Small Craft&nbsp;preso presso l\u2019University of Southampton. Master che aveva completato con una tesi sperimentale sull\u2019ottimizzazione delle forme di carena di un catamarano a motore, comprendente una serie di prove in vasca navale. Alessandro inizia a collaborare con lo studio Cossutti Yacht Design&nbsp;nel 2009 per la progettazione del NM38 per poi partecipare attivamente allo sviluppo di progetti di primaria importanza per lo studio negli anni successivi.[\/vc_column_text][\/vc_column][\/vc_row][vc_row content_width=&#8221;grid&#8221; el_class=&#8221;paddingRow&#8221; css=&#8221;.vc_custom_1516275342181{padding-top: 3% !important;}&#8221;][vc_column width=&#8221;1\/2&#8243;][vc_column_text el_class=&#8221;titoloAboutUs&#8221;]<\/p>\n<h1 style=\"text-align: left;\">COSSUTTI &#8211; GANZ<\/h1>\n<p>[\/vc_column_text][vc_empty_space height=&#8221;5px&#8221;][vc_column_text el_class=&#8221;georgiaSubtitle&#8221;]2013[\/vc_column_text]<div class=\"edgtf-separator-holder clearfix  edgtf-separator-left\">\n\t<div class=\"edgtf-separator\" style=\"border-color: #00659c;border-style: solid;width: 50px;border-bottom-width: 1px;margin-top: 15px;margin-bottom: 30px\"><\/div>\n<\/div>\n[vc_empty_space height=&#8221;30px&#8221;][vc_single_image image=&#8221;6974&#8243; img_size=&#8221;555&#215;315&#8243; css=&#8221;.vc_custom_1516885738701{margin-bottom: 10px !important;}&#8221;][vc_single_image image=&#8221;6976&#8243; img_size=&#8221;555&#215;315&#8243; el_class=&#8221;vc_hidden-xs&#8221;][\/vc_column][vc_column width=&#8221;1\/2&#8243;][vc_column_text el_class=&#8221;testoAboutUs&#8221;]Nel 2013 Alessandro Ganz entra a far parte dello Studio come socio e il nome dello stesso cambia in \u201cCossutti Ganz Yacht Design\u201d. Sempre in questi anni ha inizio anche la collaborazione con il cantiere Italia Yachts di Venezia, con il progetto del primo modello del cantiere, Italia 10.98 e il successivo progetto Italia 13.98 che si aggiudica il prestigioso premio \u201cEuropean Yacht of the Year\u201d nel 2013.<\/p>\n<p>Nel 2015 e nel 2016 vengono varati in Estonia i due one off ORC Katariina II, a cui segue per il Cantiere Ridas Yachts di Tallin il progetto del nuovo Ridas 37. Le collaborazioni con importanti cantieri diventano sempre pi\u00f9 il core business dello studio, che oltre a proseguire la collaborazione con Italia Yachts, disegna per Salona, More Boats (More 55 e More 40) e successivamente per il cantiere tedesco Bavaria Yachtbau.<\/p>\n<p>Nel 2017 viene presentato il Bavaria C57, prima barca disegnata dallo studio per il cantiere tedesco, che sceglie proprio lo studio Cossutti per il progetto della sua ammiraglia. Il consenso unanime di critica, addetti ai lavori e pubblico porta il cantiere a commissionare allo studio Cossutti Yacht Design il progetto di altre due imbarcazioni da crociera veloce, il C45 ed il C50, presentate al Salone di Dusseldorf nel Gennaio 2018. La collaborazione con Bavaria prosegue portando al progetto per Bavaria C42, che sar\u00e0 presentato a Boot a Dusseldorf nel gennaio 2020.<\/p>\n<p>Pi\u00f9 recentemente, lo studio pu\u00f2 anche vantare la collaborazione con uno dei cantieri navali pi\u00f9 prestigiosi del mondo: Nautor\u2019s Swan. Il sodalizio inizia nell\u2019estate del 2018 con lo sviluppo delle strutture e dell\u2019ingegneria per lo Swan 48, progettato dalla rinomata designer argentina German Frers, con interni di Misa Poggi.[\/vc_column_text][\/vc_column][\/vc_row]<\/p>\n<\/div>","protected":false},"excerpt":{"rendered":"<p>[vc_row css=&#8221;.vc_custom_1618410817007{padding-top: 15% !important;padding-bottom: 15% !important;background-image: url(https:\/\/www.cossutti.it\/wp-content\/uploads\/2021\/04\/cossutti-storia.jpg?id=9287) !important;background-position: center !important;background-repeat: no-repeat !important;background-size: cover !important;}&#8221; el_class=&#8221;backgroundImage&#8221;][vc_column css=&#8221;.vc_custom_1515769208640{background-position: center !important;background-repeat: no-repeat !important;background-size: cover !important;}&#8221;][\/vc_column][\/vc_row][vc_row content_width=&#8221;grid&#8221; el_class=&#8221;paddingRow&#8221; css=&#8221;.vc_custom_1516885447985{padding-bottom: 30px !important;}&#8221;][vc_column width=&#8221;1\/2&#8243;][vc_column_text el_class=&#8221;titoloAboutUs&#8221;] STORIA [\/vc_column_text][vc_empty_space height=&#8221;5px&#8221;][vc_column_text el_class=&#8221;georgiaSubtitle&#8221;] Lo studio Cossutti Yacht Design di Maurizio Cossutti e Alessandro Ganz nasce&#8230;<\/p>\n","protected":false},"author":9,"featured_media":0,"parent":633,"menu_order":24,"comment_status":"closed","ping_status":"closed","template":"full-width.php","meta":{"_acf_changed":false,"ngg_post_thumbnail":0,"footnotes":""},"class_list":["post-6653","page","type-page","status-publish","hentry"],"acf":[],"yoast_head":"<!-- This site is optimized with the Yoast SEO plugin v27.5 - https:\/\/yoast.com\/product\/yoast-seo-wordpress\/ -->\n<title>Storia - Cossutti-Ganz Yacht Design: Precision in Design. Excellence in Performance.<\/title>\n<meta name=\"robots\" content=\"index, follow, max-snippet:-1, max-image-preview:large, max-video-preview:-1\" \/>\n<link rel=\"canonical\" href=\"https:\/\/www.cossutti.it\/it\/chi-siamo-2\/storia\/\" \/>\n<meta property=\"og:locale\" content=\"it_IT\" \/>\n<meta property=\"og:type\" content=\"article\" \/>\n<meta property=\"og:title\" content=\"Storia - Cossutti-Ganz Yacht Design: Precision in Design. Excellence in Performance.\" \/>\n<meta property=\"og:description\" content=\"[vc_row css=&#8221;.vc_custom_1618410817007{padding-top: 15% !important;padding-bottom: 15% !important;background-image: url(https:\/\/www.cossutti.it\/wp-content\/uploads\/2021\/04\/cossutti-storia.jpg?id=9287) !important;background-position: center !important;background-repeat: no-repeat !important;background-size: cover !important;}&#8221; el_class=&#8221;backgroundImage&#8221;][vc_column css=&#8221;.vc_custom_1515769208640{background-position: center !important;background-repeat: no-repeat !important;background-size: cover !important;}&#8221;][\/vc_column][\/vc_row][vc_row content_width=&#8221;grid&#8221; el_class=&#8221;paddingRow&#8221; css=&#8221;.vc_custom_1516885447985{padding-bottom: 30px !important;}&#8221;][vc_column width=&#8221;1\/2&#8243;][vc_column_text el_class=&#8221;titoloAboutUs&#8221;] STORIA [\/vc_column_text][vc_empty_space height=&#8221;5px&#8221;][vc_column_text el_class=&#8221;georgiaSubtitle&#8221;] Lo studio Cossutti Yacht Design di Maurizio Cossutti e Alessandro Ganz nasce...\" \/>\n<meta property=\"og:url\" content=\"https:\/\/www.cossutti.it\/it\/chi-siamo-2\/storia\/\" \/>\n<meta property=\"og:site_name\" content=\"Cossutti-Ganz Yacht Design\" \/>\n<meta property=\"article:publisher\" content=\"https:\/\/www.facebook.com\/cossuttiyachtdesign\/\" \/>\n<meta property=\"article:modified_time\" content=\"2023-09-12T09:58:46+00:00\" \/>\n<meta name=\"twitter:card\" content=\"summary_large_image\" \/>\n<meta name=\"twitter:site\" content=\"@cossutti_design\" \/>\n<meta name=\"twitter:label1\" content=\"Tempo di lettura stimato\" \/>\n\t<meta name=\"twitter:data1\" content=\"5 minuti\" \/>\n<script type=\"application\/ld+json\" class=\"yoast-schema-graph\">{\"@context\":\"https:\\\/\\\/schema.org\",\"@graph\":[{\"@type\":\"WebPage\",\"@id\":\"https:\\\/\\\/www.cossutti.it\\\/it\\\/chi-siamo-2\\\/storia\\\/\",\"url\":\"https:\\\/\\\/www.cossutti.it\\\/it\\\/chi-siamo-2\\\/storia\\\/\",\"name\":\"Storia - Cossutti-Ganz Yacht Design: Precision in Design. Excellence in Performance.\",\"isPartOf\":{\"@id\":\"https:\\\/\\\/www.cossutti.it\\\/it\\\/#website\"},\"datePublished\":\"2018-01-17T16:36:57+00:00\",\"dateModified\":\"2023-09-12T09:58:46+00:00\",\"breadcrumb\":{\"@id\":\"https:\\\/\\\/www.cossutti.it\\\/it\\\/chi-siamo-2\\\/storia\\\/#breadcrumb\"},\"inLanguage\":\"it-IT\",\"potentialAction\":[{\"@type\":\"ReadAction\",\"target\":[\"https:\\\/\\\/www.cossutti.it\\\/it\\\/chi-siamo-2\\\/storia\\\/\"]}]},{\"@type\":\"BreadcrumbList\",\"@id\":\"https:\\\/\\\/www.cossutti.it\\\/it\\\/chi-siamo-2\\\/storia\\\/#breadcrumb\",\"itemListElement\":[{\"@type\":\"ListItem\",\"position\":1,\"name\":\"Home\",\"item\":\"https:\\\/\\\/www.cossutti.it\\\/it\\\/\"},{\"@type\":\"ListItem\",\"position\":2,\"name\":\"Chi siamo\",\"item\":\"https:\\\/\\\/www.cossutti.it\\\/it\\\/chi-siamo-2\\\/\"},{\"@type\":\"ListItem\",\"position\":3,\"name\":\"Storia\"}]},{\"@type\":\"WebSite\",\"@id\":\"https:\\\/\\\/www.cossutti.it\\\/it\\\/#website\",\"url\":\"https:\\\/\\\/www.cossutti.it\\\/it\\\/\",\"name\":\"Cossutti-Ganz Yacht Design\",\"description\":\"Precision in Design. Excellence in Performance.\",\"publisher\":{\"@id\":\"https:\\\/\\\/www.cossutti.it\\\/it\\\/#organization\"},\"potentialAction\":[{\"@type\":\"SearchAction\",\"target\":{\"@type\":\"EntryPoint\",\"urlTemplate\":\"https:\\\/\\\/www.cossutti.it\\\/it\\\/?s={search_term_string}\"},\"query-input\":{\"@type\":\"PropertyValueSpecification\",\"valueRequired\":true,\"valueName\":\"search_term_string\"}}],\"inLanguage\":\"it-IT\"},{\"@type\":\"Organization\",\"@id\":\"https:\\\/\\\/www.cossutti.it\\\/it\\\/#organization\",\"name\":\"Cossutti Yacht Design\",\"url\":\"https:\\\/\\\/www.cossutti.it\\\/it\\\/\",\"logo\":{\"@type\":\"ImageObject\",\"inLanguage\":\"it-IT\",\"@id\":\"https:\\\/\\\/www.cossutti.it\\\/it\\\/#\\\/schema\\\/logo\\\/image\\\/\",\"url\":\"https:\\\/\\\/www.cossutti.it\\\/wp-content\\\/uploads\\\/2018\\\/04\\\/cossutti.png\",\"contentUrl\":\"https:\\\/\\\/www.cossutti.it\\\/wp-content\\\/uploads\\\/2018\\\/04\\\/cossutti.png\",\"width\":210,\"height\":91,\"caption\":\"Cossutti Yacht Design\"},\"image\":{\"@id\":\"https:\\\/\\\/www.cossutti.it\\\/it\\\/#\\\/schema\\\/logo\\\/image\\\/\"},\"sameAs\":[\"https:\\\/\\\/www.facebook.com\\\/cossuttiyachtdesign\\\/\",\"https:\\\/\\\/x.com\\\/cossutti_design\",\"https:\\\/\\\/www.instagram.com\\\/cossuttiyachtdesign\\\/\",\"https:\\\/\\\/www.linkedin.com\\\/company\\\/cossutti-yacht-design\\\/\"]}]}<\/script>\n<!-- \/ Yoast SEO plugin. -->","yoast_head_json":{"title":"Storia - Cossutti-Ganz Yacht Design: Precision in Design. Excellence in Performance.","robots":{"index":"index","follow":"follow","max-snippet":"max-snippet:-1","max-image-preview":"max-image-preview:large","max-video-preview":"max-video-preview:-1"},"canonical":"https:\/\/www.cossutti.it\/it\/chi-siamo-2\/storia\/","og_locale":"it_IT","og_type":"article","og_title":"Storia - Cossutti-Ganz Yacht Design: Precision in Design. Excellence in Performance.","og_description":"[vc_row css=&#8221;.vc_custom_1618410817007{padding-top: 15% !important;padding-bottom: 15% !important;background-image: url(https:\/\/www.cossutti.it\/wp-content\/uploads\/2021\/04\/cossutti-storia.jpg?id=9287) !important;background-position: center !important;background-repeat: no-repeat !important;background-size: cover !important;}&#8221; el_class=&#8221;backgroundImage&#8221;][vc_column css=&#8221;.vc_custom_1515769208640{background-position: center !important;background-repeat: no-repeat !important;background-size: cover !important;}&#8221;][\/vc_column][\/vc_row][vc_row content_width=&#8221;grid&#8221; el_class=&#8221;paddingRow&#8221; css=&#8221;.vc_custom_1516885447985{padding-bottom: 30px !important;}&#8221;][vc_column width=&#8221;1\/2&#8243;][vc_column_text el_class=&#8221;titoloAboutUs&#8221;] STORIA [\/vc_column_text][vc_empty_space height=&#8221;5px&#8221;][vc_column_text el_class=&#8221;georgiaSubtitle&#8221;] Lo studio Cossutti Yacht Design di Maurizio Cossutti e Alessandro Ganz nasce...","og_url":"https:\/\/www.cossutti.it\/it\/chi-siamo-2\/storia\/","og_site_name":"Cossutti-Ganz Yacht Design","article_publisher":"https:\/\/www.facebook.com\/cossuttiyachtdesign\/","article_modified_time":"2023-09-12T09:58:46+00:00","twitter_card":"summary_large_image","twitter_site":"@cossutti_design","twitter_misc":{"Tempo di lettura stimato":"5 minuti"},"schema":{"@context":"https:\/\/schema.org","@graph":[{"@type":"WebPage","@id":"https:\/\/www.cossutti.it\/it\/chi-siamo-2\/storia\/","url":"https:\/\/www.cossutti.it\/it\/chi-siamo-2\/storia\/","name":"Storia - Cossutti-Ganz Yacht Design: Precision in Design. Excellence in Performance.","isPartOf":{"@id":"https:\/\/www.cossutti.it\/it\/#website"},"datePublished":"2018-01-17T16:36:57+00:00","dateModified":"2023-09-12T09:58:46+00:00","breadcrumb":{"@id":"https:\/\/www.cossutti.it\/it\/chi-siamo-2\/storia\/#breadcrumb"},"inLanguage":"it-IT","potentialAction":[{"@type":"ReadAction","target":["https:\/\/www.cossutti.it\/it\/chi-siamo-2\/storia\/"]}]},{"@type":"BreadcrumbList","@id":"https:\/\/www.cossutti.it\/it\/chi-siamo-2\/storia\/#breadcrumb","itemListElement":[{"@type":"ListItem","position":1,"name":"Home","item":"https:\/\/www.cossutti.it\/it\/"},{"@type":"ListItem","position":2,"name":"Chi siamo","item":"https:\/\/www.cossutti.it\/it\/chi-siamo-2\/"},{"@type":"ListItem","position":3,"name":"Storia"}]},{"@type":"WebSite","@id":"https:\/\/www.cossutti.it\/it\/#website","url":"https:\/\/www.cossutti.it\/it\/","name":"Cossutti-Ganz Yacht Design","description":"Precision in Design. Excellence in Performance.","publisher":{"@id":"https:\/\/www.cossutti.it\/it\/#organization"},"potentialAction":[{"@type":"SearchAction","target":{"@type":"EntryPoint","urlTemplate":"https:\/\/www.cossutti.it\/it\/?s={search_term_string}"},"query-input":{"@type":"PropertyValueSpecification","valueRequired":true,"valueName":"search_term_string"}}],"inLanguage":"it-IT"},{"@type":"Organization","@id":"https:\/\/www.cossutti.it\/it\/#organization","name":"Cossutti Yacht Design","url":"https:\/\/www.cossutti.it\/it\/","logo":{"@type":"ImageObject","inLanguage":"it-IT","@id":"https:\/\/www.cossutti.it\/it\/#\/schema\/logo\/image\/","url":"https:\/\/www.cossutti.it\/wp-content\/uploads\/2018\/04\/cossutti.png","contentUrl":"https:\/\/www.cossutti.it\/wp-content\/uploads\/2018\/04\/cossutti.png","width":210,"height":91,"caption":"Cossutti Yacht Design"},"image":{"@id":"https:\/\/www.cossutti.it\/it\/#\/schema\/logo\/image\/"},"sameAs":["https:\/\/www.facebook.com\/cossuttiyachtdesign\/","https:\/\/x.com\/cossutti_design","https:\/\/www.instagram.com\/cossuttiyachtdesign\/","https:\/\/www.linkedin.com\/company\/cossutti-yacht-design\/"]}]}},"_links":{"self":[{"href":"https:\/\/www.cossutti.it\/it\/wp-json\/wp\/v2\/pages\/6653","targetHints":{"allow":["GET"]}}],"collection":[{"href":"https:\/\/www.cossutti.it\/it\/wp-json\/wp\/v2\/pages"}],"about":[{"href":"https:\/\/www.cossutti.it\/it\/wp-json\/wp\/v2\/types\/page"}],"author":[{"embeddable":true,"href":"https:\/\/www.cossutti.it\/it\/wp-json\/wp\/v2\/users\/9"}],"replies":[{"embeddable":true,"href":"https:\/\/www.cossutti.it\/it\/wp-json\/wp\/v2\/comments?post=6653"}],"version-history":[{"count":5,"href":"https:\/\/www.cossutti.it\/it\/wp-json\/wp\/v2\/pages\/6653\/revisions"}],"predecessor-version":[{"id":10896,"href":"https:\/\/www.cossutti.it\/it\/wp-json\/wp\/v2\/pages\/6653\/revisions\/10896"}],"up":[{"embeddable":true,"href":"https:\/\/www.cossutti.it\/it\/wp-json\/wp\/v2\/pages\/633"}],"wp:attachment":[{"href":"https:\/\/www.cossutti.it\/it\/wp-json\/wp\/v2\/media?parent=6653"}],"curies":[{"name":"wp","href":"https:\/\/api.w.org\/{rel}","templated":true}]}}