{"id":6371,"date":"2018-01-15T14:51:24","date_gmt":"2018-01-15T13:51:24","guid":{"rendered":"https:\/\/www.cossutti.it\/?page_id=6371"},"modified":"2026-03-05T12:55:03","modified_gmt":"2026-03-05T11:55:03","slug":"vision","status":"publish","type":"page","link":"https:\/\/www.cossutti.it\/it\/chi-siamo-2\/vision\/","title":{"rendered":"Vision"},"content":{"rendered":"<div class=\"wpb-content-wrapper\"><p>[vc_row css=&#8221;.vc_custom_1618410646950{padding-top: 15% !important;padding-bottom: 15% !important;background-image: url(https:\/\/www.cossutti.it\/wp-content\/uploads\/2021\/04\/cossutti-vision.jpg?id=9283) !important;background-position: center !important;background-repeat: no-repeat !important;background-size: cover !important;}&#8221; el_class=&#8221;backgroundImage&#8221;][vc_column css=&#8221;.vc_custom_1515769208640{background-position: center !important;background-repeat: no-repeat !important;background-size: cover !important;}&#8221;]<div class=\"edgtf-iwt clearfix edgtf-iwt-icon-top edgtf-iwt-icon-tiny\">\n    <div class=\"edgtf-iwt-icon-holder\">\n                    \n    <span class=\"edgtf-icon-shortcode normal edgtf-icon-tiny\"  >\n                \n        <i class=\"edgtf-icon-font-awesome fa  edgtf-icon-element\" style=\"\" ><\/i>\n            <\/span>\n\n            <\/div>\n    <div class=\"edgtf-iwt-content-holder\" >\n        <div class=\"edgtf-iwt-title-holder\">\n            <h4 ><\/h4>\n        <\/div>\n        <div class=\"edgtf-iwt-text-holder\">\n            <p ><\/p>\n\n                    <\/div>\n    <\/div>\n<\/div>[\/vc_column][\/vc_row][vc_row content_width=&#8221;grid&#8221; el_class=&#8221;paddingRow&#8221;][vc_column width=&#8221;1\/2&#8243;][vc_column_text css=&#8221;&#8221; el_class=&#8221;titoloAboutUs&#8221;]<\/p>\n<h2 style=\"text-align: left;\">FILOSOFIA<\/h2>\n<p>[\/vc_column_text][vc_empty_space height=&#8221;5px&#8221;]<div class=\"edgtf-separator-holder clearfix  edgtf-separator-left\">\n\t<div class=\"edgtf-separator\" style=\"border-color: #00659c;border-style: solid;width: 50px;border-bottom-width: 1px;margin-top: 15px;margin-bottom: 30px\"><\/div>\n<\/div>\n[vc_column_text el_class=&#8221;georgiaSubtitle&#8221;]Creare imbarcazioni dal \u201csuper design e dalle super prestazioni\u201d. Questo \u00e8 il sogno che Maurizio Cossutti coltiva sin da quando era bambino, e l\u2019obiettivo che da sempre ne guida il lavoro: una perfetta sintesi tra \u201csana follia\u201d creativa e concretezza progettuale.[\/vc_column_text][\/vc_column][vc_column width=&#8221;1\/2&#8243;][vc_column_text el_class=&#8221;testoAboutUs&#8221;]<\/p>\n<p style=\"text-align: left;\">Una passione, prima ancora che un lavoro, che in trent\u2019anni \u00e8 rimasta immutata e che \u00e8 oggi condivisa e supportata da tutto il team di lavoro dello studio Cossutti Yacht Design, cifra dei progetti che perseguono instancabilmente l\u2019ideale di creare barche dalle performance eccellenti, strutturalmente affidabili, maneggevoli, dal dislocamento leggero e dal design caratterizzante. E\u2019 a partire da questo requisito fondamentale che si vanno ad innestare tutti gli elementi estetici, tecnologici e funzionali che caratterizzano ogni creazione Cossutti Yacht Design, alla ricerca di un insieme unico, bilanciato e coerente agli obiettivi richiesti dal committente, sia esso un cantiere o un fortunato armatore.<\/p>\n<p>[\/vc_column_text][\/vc_column][\/vc_row][vc_row content_width=&#8221;grid&#8221; css=&#8221;.vc_custom_1516201385238{background-color: #f6f6f6 !important;background-position: center !important;background-repeat: no-repeat !important;background-size: cover !important;}&#8221;][vc_column offset=&#8221;vc_col-lg-6 vc_col-md-6&#8243;][vc_single_image image=&#8221;9780&#8243; img_size=&#8221;full&#8221;][\/vc_column][vc_column css=&#8221;.vc_custom_1516273960331{padding-top: 15% !important;padding-right: 10% !important;padding-bottom: 10% !important;padding-left: 20% !important;}&#8221; offset=&#8221;vc_col-lg-6 vc_col-md-6&#8243;][vc_column_text el_class=&#8221;bigQuote&#8221;]<\/p>\n<p style=\"text-align: left;\">\u201cSin da bambino <br class=\"vc_hidden-sm vc_hidden-xs\">sognavo di creare <br class=\"vc_hidden-xs vc_hidden-sm\">imbarcazioni dal <br class=\"vc_hidden-sm vc_hidden-xs\">super design e <br class=\"vc_hidden-sm vc_hidden-xs\">dalle super <br class=\"vc_hidden-sm vc_hidden-xs\">prestazioni\u201d<\/p>\n<p>[\/vc_column_text][vc_single_image image=&#8221;6605&#8243; img_size=&#8221;full&#8221;][\/vc_column][\/vc_row][vc_row content_width=&#8221;grid&#8221; el_class=&#8221;paddingRow&#8221;][vc_column width=&#8221;1\/2&#8243;][vc_column_text css=&#8221;&#8221; el_class=&#8221;titoloAboutUs&#8221;]<\/p>\n<h2 style=\"text-align: left;\">ALLA RICERCA DELLA MIGLIORE ESPERIENZA DI NAVIGAZIONE<\/h2>\n<p>[\/vc_column_text][vc_empty_space height=&#8221;5px&#8221;]<div class=\"edgtf-separator-holder clearfix  edgtf-separator-left\">\n\t<div class=\"edgtf-separator\" style=\"border-color: #00659c;border-style: solid;width: 50px;border-bottom-width: 1px;margin-top: 15px;margin-bottom: 30px\"><\/div>\n<\/div>\n[vc_column_text el_class=&#8221;georgiaSubtitle&#8221;]Il piacere della navigazione \u00e8 il vero focus di ogni progetto Cossutti Yacht Design. Sia che si tratti di un imbarcazione da regata, o di un modello da crociera, per noi una buona barca non pu\u00f2 prescindere dall\u2019essere una barca veloce e dall\u2019ottima manovrabilit\u00e0, che assicuri un\u2019esperienza di navigazione il pi\u00f9 coinvolgente e divertente possibile.[\/vc_column_text][\/vc_column][vc_column width=&#8221;1\/2&#8243;][vc_column_text el_class=&#8221;testoAboutUs&#8221;]La principale forza del nostro team di lavoro \u00e8 la capacit\u00e0 di rispondere alle aspettative del cliente, interpretandone la personalit\u00e0 e le esigenze per arrivare a dargli il miglior prodotto possibile. I nostri clienti sanno di poter trovare in noi un\u2019apertura mentale non comune, una controparte che non d\u00e0 nulla per scontato. Questo ci permette di rispondere in modo altamente personalizzato alle esigenze di ciascuno, creando per ognuno un progetto cucitogli addosso, che rappresenta la perfetta sintesi tra la nostra creativit\u00e0 e lo stile del proprietario. Crediamo fermamente che il concept alla base dell\u2019idea di ogni nuova barca non sia altro che un sogno condiviso tra designer, committente e cantiere, e per questo possa prendere forma solo attraverso un dialogo e uno scambio continuo tra cliente e progettista, e nella costruzione di un rapporto umano che va bene oltre la mera professionalit\u00e0 e che assicura una collaborazione volta alla crescita reciproca. L\u2019entusiasmo e la passione per il nostro lavoro ci portano a condurre una ricerca progettuale continua per trovare soluzioni inedite, sia dal punto di vista tecnologico che del design, come per esempio studiare linee d\u2019acqua e appendici che possano esprimere qualcosa di nuovo e di migliore. Grazie all\u2019esperienza pluriennale e agli importanti risultati ottenuti nella progettazione di modelli da regata, Cossutti Yacht Design \u00e8 tra i pochi studi a poter oggi offrire un servizio di alto livello nello sviluppo di soluzioni in accordo con i regolamenti ORC e IRC, attraverso l\u2019ottimizzazione di piani velici, o la modifica e sostituzione di chiglie e timoni, nell\u2019ottica del miglioramento del rapporto rating \/prestazioni. L\u2019esperienza maturata in molti anni di progettazione \u201corientata alla regata\u201d, inoltre, ci permette di implementare gli stessi concetti strutturali e idrodinamici in progetti per imbarcazioni destinate principalmente alla crociera o alla crociera veloce. Le numerose e continue collaborazioni con importanti cantieri navali di alto livello come Bavaria Yachts, Nautor Swan, Italia Yachts, Salona sono la dimostrazione di quanto il marchio Cossutti Yacht Design oggi sia richiesto e apprezzato a livello internazionale, anche per i modelli di produzione di massa.[\/vc_column_text][\/vc_column][\/vc_row][vc_row content_width=&#8221;grid&#8221; css=&#8221;.vc_custom_1516201497681{background-color: #f6f6f6 !important;background-position: center !important;background-repeat: no-repeat !important;background-size: cover !important;}&#8221;][vc_column css=&#8221;.vc_custom_1516274805026{padding-top: 7% !important;padding-right: 10% !important;padding-bottom: 3% !important;padding-left: 20% !important;}&#8221; offset=&#8221;vc_col-lg-6 vc_col-md-6&#8243;][vc_column_text el_class=&#8221;bigQuote&#8221;]<\/p>\n<p style=\"text-align: left;\">\u201cIniziare la mia <br class=\"vc_hidden-sm vc_hidden-xs\">carriera con <br class=\"vc_hidden-xs vc_hidden-sm\">Maurizio \u00e8 stato un <br class=\"vc_hidden-sm vc_hidden-xs\">privilegio. E oggi <br class=\"vc_hidden-sm vc_hidden-xs\">sono orgoglioso di <br class=\"vc_hidden-sm vc_hidden-xs\">contribuire alla <br class=\"vc_hidden-sm vc_hidden-xs\">crescita del nostro <br class=\"vc_hidden-xs vc_hidden-sm\">studio.\u201d<\/p>\n<p>[\/vc_column_text][vc_single_image image=&#8221;6622&#8243; img_size=&#8221;full&#8221;][\/vc_column][vc_column offset=&#8221;vc_col-lg-6 vc_col-md-6&#8243;][vc_single_image image=&#8221;9793&#8243; img_size=&#8221;full&#8221;][\/vc_column][\/vc_row][vc_row content_width=&#8221;grid&#8221; el_class=&#8221;paddingRow&#8221;][vc_column width=&#8221;1\/2&#8243;][vc_column_text css=&#8221;&#8221; el_class=&#8221;titoloAboutUs&#8221;]<\/p>\n<h2 style=\"text-align: left;\">AL LAVORO IN CANTIERE<br \/>\nPER TROVARE SOLUZIONI VINCENTI<\/h2>\n<p>[\/vc_column_text][vc_empty_space height=&#8221;5px&#8221;]<div class=\"edgtf-separator-holder clearfix  edgtf-separator-left\">\n\t<div class=\"edgtf-separator\" style=\"border-color: #00659c;border-style: solid;width: 50px;border-bottom-width: 1px;margin-top: 15px;margin-bottom: 30px\"><\/div>\n<\/div>\n[vc_column_text el_class=&#8221;georgiaSubtitle&#8221;]La grande passione porta spesso Maurizio Cossutti ed Alessandro Ganz a \u201csporcarsi le mani\u201d.[\/vc_column_text][\/vc_column][vc_column width=&#8221;1\/2&#8243;][vc_column_text el_class=&#8221;testoAboutUs&#8221;]Convinti che solo la profonda conoscenza dei processi costruttivi possa portare ad un buon progetto, sono infatti frequenti le visite in cantiere, per toccare con mano le varie fasi di costruzione, dagli stampi alla resinatura, all\u2019assemblaggio vero e proprio delle imbarcazioni.<br \/>\nIl dialogo con i responsabili della fase produttiva \u00e8 sempre proficuo e motivante e consente al team Cossutti di essere sempre aggiornato ed allineato con tutte le pi\u00f9 recenti evoluzioni in termini di materiali, tecniche e applicazioni, anche relativamente all\u2019impiego di fibre tecniche o di tecnologie innovative. Ogni progetto viene quindi nasce sul tavolo da lavoro ma viene poi testato e verificato durante lo sviluppo vero e proprio e a volte modificato in funzione delle specifiche esigenze del committente.[\/vc_column_text][\/vc_column][\/vc_row]<\/p>\n<\/div>","protected":false},"excerpt":{"rendered":"<p>[vc_row css=&#8221;.vc_custom_1618410646950{padding-top: 15% !important;padding-bottom: 15% !important;background-image: url(https:\/\/www.cossutti.it\/wp-content\/uploads\/2021\/04\/cossutti-vision.jpg?id=9283) !important;background-position: center !important;background-repeat: no-repeat !important;background-size: cover !important;}&#8221; el_class=&#8221;backgroundImage&#8221;][vc_column css=&#8221;.vc_custom_1515769208640{background-position: center !important;background-repeat: no-repeat !important;background-size: cover !important;}&#8221;][\/vc_column][\/vc_row][vc_row content_width=&#8221;grid&#8221; el_class=&#8221;paddingRow&#8221;][vc_column width=&#8221;1\/2&#8243;][vc_column_text css=&#8221;&#8221; el_class=&#8221;titoloAboutUs&#8221;] FILOSOFIA [\/vc_column_text][vc_empty_space height=&#8221;5px&#8221;][vc_column_text el_class=&#8221;georgiaSubtitle&#8221;]Creare imbarcazioni dal \u201csuper design e dalle super prestazioni\u201d. Questo \u00e8 il sogno che Maurizio&#8230;<\/p>\n","protected":false},"author":9,"featured_media":0,"parent":633,"menu_order":23,"comment_status":"closed","ping_status":"closed","template":"full-width.php","meta":{"_acf_changed":false,"ngg_post_thumbnail":0,"footnotes":""},"class_list":["post-6371","page","type-page","status-publish","hentry"],"acf":[],"yoast_head":"<!-- This site is optimized with the Yoast SEO plugin v27.5 - https:\/\/yoast.com\/product\/yoast-seo-wordpress\/ -->\n<title>Vision - Cossutti-Ganz Yacht Design: Precision in Design. Excellence in Performance.<\/title>\n<meta name=\"robots\" content=\"index, follow, max-snippet:-1, max-image-preview:large, max-video-preview:-1\" \/>\n<link rel=\"canonical\" href=\"https:\/\/www.cossutti.it\/it\/chi-siamo-2\/vision\/\" \/>\n<meta property=\"og:locale\" content=\"it_IT\" \/>\n<meta property=\"og:type\" content=\"article\" \/>\n<meta property=\"og:title\" content=\"Vision - Cossutti-Ganz Yacht Design: Precision in Design. Excellence in Performance.\" \/>\n<meta property=\"og:description\" content=\"[vc_row css=&#8221;.vc_custom_1618410646950{padding-top: 15% !important;padding-bottom: 15% !important;background-image: url(https:\/\/www.cossutti.it\/wp-content\/uploads\/2021\/04\/cossutti-vision.jpg?id=9283) !important;background-position: center !important;background-repeat: no-repeat !important;background-size: cover !important;}&#8221; el_class=&#8221;backgroundImage&#8221;][vc_column css=&#8221;.vc_custom_1515769208640{background-position: center !important;background-repeat: no-repeat !important;background-size: cover !important;}&#8221;][\/vc_column][\/vc_row][vc_row content_width=&#8221;grid&#8221; el_class=&#8221;paddingRow&#8221;][vc_column width=&#8221;1\/2&#8243;][vc_column_text css=&#8221;&#8221; el_class=&#8221;titoloAboutUs&#8221;] FILOSOFIA [\/vc_column_text][vc_empty_space height=&#8221;5px&#8221;][vc_column_text el_class=&#8221;georgiaSubtitle&#8221;]Creare imbarcazioni dal \u201csuper design e dalle super prestazioni\u201d. Questo \u00e8 il sogno che Maurizio...\" \/>\n<meta property=\"og:url\" content=\"https:\/\/www.cossutti.it\/it\/chi-siamo-2\/vision\/\" \/>\n<meta property=\"og:site_name\" content=\"Cossutti-Ganz Yacht Design\" \/>\n<meta property=\"article:publisher\" content=\"https:\/\/www.facebook.com\/cossuttiyachtdesign\/\" \/>\n<meta property=\"article:modified_time\" content=\"2026-03-05T11:55:03+00:00\" \/>\n<meta name=\"twitter:card\" content=\"summary_large_image\" \/>\n<meta name=\"twitter:site\" content=\"@cossutti_design\" \/>\n<meta name=\"twitter:label1\" content=\"Tempo di lettura stimato\" \/>\n\t<meta name=\"twitter:data1\" content=\"6 minuti\" \/>\n<script type=\"application\/ld+json\" class=\"yoast-schema-graph\">{\"@context\":\"https:\\\/\\\/schema.org\",\"@graph\":[{\"@type\":\"WebPage\",\"@id\":\"https:\\\/\\\/www.cossutti.it\\\/it\\\/chi-siamo-2\\\/vision\\\/\",\"url\":\"https:\\\/\\\/www.cossutti.it\\\/it\\\/chi-siamo-2\\\/vision\\\/\",\"name\":\"Vision - Cossutti-Ganz Yacht Design: Precision in Design. Excellence in Performance.\",\"isPartOf\":{\"@id\":\"https:\\\/\\\/www.cossutti.it\\\/it\\\/#website\"},\"datePublished\":\"2018-01-15T13:51:24+00:00\",\"dateModified\":\"2026-03-05T11:55:03+00:00\",\"breadcrumb\":{\"@id\":\"https:\\\/\\\/www.cossutti.it\\\/it\\\/chi-siamo-2\\\/vision\\\/#breadcrumb\"},\"inLanguage\":\"it-IT\",\"potentialAction\":[{\"@type\":\"ReadAction\",\"target\":[\"https:\\\/\\\/www.cossutti.it\\\/it\\\/chi-siamo-2\\\/vision\\\/\"]}]},{\"@type\":\"BreadcrumbList\",\"@id\":\"https:\\\/\\\/www.cossutti.it\\\/it\\\/chi-siamo-2\\\/vision\\\/#breadcrumb\",\"itemListElement\":[{\"@type\":\"ListItem\",\"position\":1,\"name\":\"Home\",\"item\":\"https:\\\/\\\/www.cossutti.it\\\/it\\\/\"},{\"@type\":\"ListItem\",\"position\":2,\"name\":\"Chi siamo\",\"item\":\"https:\\\/\\\/www.cossutti.it\\\/it\\\/chi-siamo-2\\\/\"},{\"@type\":\"ListItem\",\"position\":3,\"name\":\"Vision\"}]},{\"@type\":\"WebSite\",\"@id\":\"https:\\\/\\\/www.cossutti.it\\\/it\\\/#website\",\"url\":\"https:\\\/\\\/www.cossutti.it\\\/it\\\/\",\"name\":\"Cossutti-Ganz Yacht Design\",\"description\":\"Precision in Design. Excellence in Performance.\",\"publisher\":{\"@id\":\"https:\\\/\\\/www.cossutti.it\\\/it\\\/#organization\"},\"potentialAction\":[{\"@type\":\"SearchAction\",\"target\":{\"@type\":\"EntryPoint\",\"urlTemplate\":\"https:\\\/\\\/www.cossutti.it\\\/it\\\/?s={search_term_string}\"},\"query-input\":{\"@type\":\"PropertyValueSpecification\",\"valueRequired\":true,\"valueName\":\"search_term_string\"}}],\"inLanguage\":\"it-IT\"},{\"@type\":\"Organization\",\"@id\":\"https:\\\/\\\/www.cossutti.it\\\/it\\\/#organization\",\"name\":\"Cossutti Yacht Design\",\"url\":\"https:\\\/\\\/www.cossutti.it\\\/it\\\/\",\"logo\":{\"@type\":\"ImageObject\",\"inLanguage\":\"it-IT\",\"@id\":\"https:\\\/\\\/www.cossutti.it\\\/it\\\/#\\\/schema\\\/logo\\\/image\\\/\",\"url\":\"https:\\\/\\\/www.cossutti.it\\\/wp-content\\\/uploads\\\/2018\\\/04\\\/cossutti.png\",\"contentUrl\":\"https:\\\/\\\/www.cossutti.it\\\/wp-content\\\/uploads\\\/2018\\\/04\\\/cossutti.png\",\"width\":210,\"height\":91,\"caption\":\"Cossutti Yacht Design\"},\"image\":{\"@id\":\"https:\\\/\\\/www.cossutti.it\\\/it\\\/#\\\/schema\\\/logo\\\/image\\\/\"},\"sameAs\":[\"https:\\\/\\\/www.facebook.com\\\/cossuttiyachtdesign\\\/\",\"https:\\\/\\\/x.com\\\/cossutti_design\",\"https:\\\/\\\/www.instagram.com\\\/cossuttiyachtdesign\\\/\",\"https:\\\/\\\/www.linkedin.com\\\/company\\\/cossutti-yacht-design\\\/\"]}]}<\/script>\n<!-- \/ Yoast SEO plugin. -->","yoast_head_json":{"title":"Vision - Cossutti-Ganz Yacht Design: Precision in Design. Excellence in Performance.","robots":{"index":"index","follow":"follow","max-snippet":"max-snippet:-1","max-image-preview":"max-image-preview:large","max-video-preview":"max-video-preview:-1"},"canonical":"https:\/\/www.cossutti.it\/it\/chi-siamo-2\/vision\/","og_locale":"it_IT","og_type":"article","og_title":"Vision - Cossutti-Ganz Yacht Design: Precision in Design. Excellence in Performance.","og_description":"[vc_row css=&#8221;.vc_custom_1618410646950{padding-top: 15% !important;padding-bottom: 15% !important;background-image: url(https:\/\/www.cossutti.it\/wp-content\/uploads\/2021\/04\/cossutti-vision.jpg?id=9283) !important;background-position: center !important;background-repeat: no-repeat !important;background-size: cover !important;}&#8221; el_class=&#8221;backgroundImage&#8221;][vc_column css=&#8221;.vc_custom_1515769208640{background-position: center !important;background-repeat: no-repeat !important;background-size: cover !important;}&#8221;][\/vc_column][\/vc_row][vc_row content_width=&#8221;grid&#8221; el_class=&#8221;paddingRow&#8221;][vc_column width=&#8221;1\/2&#8243;][vc_column_text css=&#8221;&#8221; el_class=&#8221;titoloAboutUs&#8221;] FILOSOFIA [\/vc_column_text][vc_empty_space height=&#8221;5px&#8221;][vc_column_text el_class=&#8221;georgiaSubtitle&#8221;]Creare imbarcazioni dal \u201csuper design e dalle super prestazioni\u201d. Questo \u00e8 il sogno che Maurizio...","og_url":"https:\/\/www.cossutti.it\/it\/chi-siamo-2\/vision\/","og_site_name":"Cossutti-Ganz Yacht Design","article_publisher":"https:\/\/www.facebook.com\/cossuttiyachtdesign\/","article_modified_time":"2026-03-05T11:55:03+00:00","twitter_card":"summary_large_image","twitter_site":"@cossutti_design","twitter_misc":{"Tempo di lettura stimato":"6 minuti"},"schema":{"@context":"https:\/\/schema.org","@graph":[{"@type":"WebPage","@id":"https:\/\/www.cossutti.it\/it\/chi-siamo-2\/vision\/","url":"https:\/\/www.cossutti.it\/it\/chi-siamo-2\/vision\/","name":"Vision - Cossutti-Ganz Yacht Design: Precision in Design. Excellence in Performance.","isPartOf":{"@id":"https:\/\/www.cossutti.it\/it\/#website"},"datePublished":"2018-01-15T13:51:24+00:00","dateModified":"2026-03-05T11:55:03+00:00","breadcrumb":{"@id":"https:\/\/www.cossutti.it\/it\/chi-siamo-2\/vision\/#breadcrumb"},"inLanguage":"it-IT","potentialAction":[{"@type":"ReadAction","target":["https:\/\/www.cossutti.it\/it\/chi-siamo-2\/vision\/"]}]},{"@type":"BreadcrumbList","@id":"https:\/\/www.cossutti.it\/it\/chi-siamo-2\/vision\/#breadcrumb","itemListElement":[{"@type":"ListItem","position":1,"name":"Home","item":"https:\/\/www.cossutti.it\/it\/"},{"@type":"ListItem","position":2,"name":"Chi siamo","item":"https:\/\/www.cossutti.it\/it\/chi-siamo-2\/"},{"@type":"ListItem","position":3,"name":"Vision"}]},{"@type":"WebSite","@id":"https:\/\/www.cossutti.it\/it\/#website","url":"https:\/\/www.cossutti.it\/it\/","name":"Cossutti-Ganz Yacht Design","description":"Precision in Design. Excellence in Performance.","publisher":{"@id":"https:\/\/www.cossutti.it\/it\/#organization"},"potentialAction":[{"@type":"SearchAction","target":{"@type":"EntryPoint","urlTemplate":"https:\/\/www.cossutti.it\/it\/?s={search_term_string}"},"query-input":{"@type":"PropertyValueSpecification","valueRequired":true,"valueName":"search_term_string"}}],"inLanguage":"it-IT"},{"@type":"Organization","@id":"https:\/\/www.cossutti.it\/it\/#organization","name":"Cossutti Yacht Design","url":"https:\/\/www.cossutti.it\/it\/","logo":{"@type":"ImageObject","inLanguage":"it-IT","@id":"https:\/\/www.cossutti.it\/it\/#\/schema\/logo\/image\/","url":"https:\/\/www.cossutti.it\/wp-content\/uploads\/2018\/04\/cossutti.png","contentUrl":"https:\/\/www.cossutti.it\/wp-content\/uploads\/2018\/04\/cossutti.png","width":210,"height":91,"caption":"Cossutti Yacht Design"},"image":{"@id":"https:\/\/www.cossutti.it\/it\/#\/schema\/logo\/image\/"},"sameAs":["https:\/\/www.facebook.com\/cossuttiyachtdesign\/","https:\/\/x.com\/cossutti_design","https:\/\/www.instagram.com\/cossuttiyachtdesign\/","https:\/\/www.linkedin.com\/company\/cossutti-yacht-design\/"]}]}},"_links":{"self":[{"href":"https:\/\/www.cossutti.it\/it\/wp-json\/wp\/v2\/pages\/6371","targetHints":{"allow":["GET"]}}],"collection":[{"href":"https:\/\/www.cossutti.it\/it\/wp-json\/wp\/v2\/pages"}],"about":[{"href":"https:\/\/www.cossutti.it\/it\/wp-json\/wp\/v2\/types\/page"}],"author":[{"embeddable":true,"href":"https:\/\/www.cossutti.it\/it\/wp-json\/wp\/v2\/users\/9"}],"replies":[{"embeddable":true,"href":"https:\/\/www.cossutti.it\/it\/wp-json\/wp\/v2\/comments?post=6371"}],"version-history":[{"count":5,"href":"https:\/\/www.cossutti.it\/it\/wp-json\/wp\/v2\/pages\/6371\/revisions"}],"predecessor-version":[{"id":12309,"href":"https:\/\/www.cossutti.it\/it\/wp-json\/wp\/v2\/pages\/6371\/revisions\/12309"}],"up":[{"embeddable":true,"href":"https:\/\/www.cossutti.it\/it\/wp-json\/wp\/v2\/pages\/633"}],"wp:attachment":[{"href":"https:\/\/www.cossutti.it\/it\/wp-json\/wp\/v2\/media?parent=6371"}],"curies":[{"name":"wp","href":"https:\/\/api.w.org\/{rel}","templated":true}]}}