{"id":11303,"date":"2026-01-09T15:30:24","date_gmt":"2026-01-09T14:30:24","guid":{"rendered":"https:\/\/www.cossutti.it\/?page_id=11303"},"modified":"2026-01-13T09:15:43","modified_gmt":"2026-01-13T08:15:43","slug":"cg30-vento-presentazione","status":"publish","type":"page","link":"https:\/\/www.cossutti.it\/it\/cg30-vento-presentazione\/","title":{"rendered":"CG30 Vento presentazione"},"content":{"rendered":"<div class=\"wpb-content-wrapper\"><p>[vc_row][vc_column][vc_single_image image=&#8221;11329&#8243; img_size=&#8221;full&#8221; alignment=&#8221;center&#8221; css=&#8221;&#8221;][\/vc_column][\/vc_row][vc_row content_width=&#8221;grid&#8221; content_aligment=&#8221;center&#8221; el_class=&#8221;paddingRow sottoSlider&#8221;][vc_column][vc_empty_space height=&#8221;60px&#8221;][vc_column_text css=&#8221;&#8221;]<\/p>\n<div style=\"width: 100%; display: flex; justify-content: center;\">\n<h2 style=\"font-family: 'Open Sans', sans-serif; font-weight: 300; font-size: clamp(50px, 6vw, 55px); line-height: 1.1; letter-spacing: 0.08em; margin: 0; text-transform: uppercase; max-width: 1150px; text-align: center; color: #00254b;\"><span style=\"font-weight: 900;\">CG30 VENTO<\/span><br \/>\n<span style=\"font-weight: 200; font-size: clamp(35px, 6vw, 50px);\">High performance offshore racer<\/span><\/h2>\n<\/div>\n<p>[\/vc_column_text][vc_empty_space height=&#8221;5px&#8221;][vc_column_text css_animation=&#8221;none&#8221; css=&#8221;&#8221; el_class=&#8221;edgtf-section-subtitle&#8221;]<\/p>\n<div style=\"width: 100%; display: flex; justify-content: center; padding: 20px 0;\">\n<div style=\"max-width: 1000px; text-align: center; font-family: 'Open Sans', sans-serif; font-weight: 100; font-size: 18px; color: #000;\">\n<p style=\"margin: 0 0 1em 0;\">Cossutti\u2013Ganz Yacht Design presenta CG30 Vento, un offshore racer da 30 piedi progettato per unire alte performance, comfort e gestione semplificata.<\/p>\n<p style=\"margin: 0 0 1em 0;\">Frutto della collaborazione con Northern Light Composites, il CG30 Vento \u00e8 pensato per regate offshore e tra le boe, con attenzione al rating ORC e IRC e a un design funzionale, elegante e innovativo.<\/p>\n<p style=\"margin: 0;\">Con uno scafo ottimizzato per la velocit\u00e0 in condizioni variabili, un ampio pozzetto protetto e soluzioni costruttive intelligenti per la trasportabilit\u00e0, il CG30 Vento \u00e8 la sintesi tra creativit\u00e0, tecnica e accessibilit\u00e0.<\/p>\n<p style=\"margin: 0;\">&nbsp;<\/p>\n<p style=\"margin: 0;\"><strong>CG30 Vento: high performance, real value.<\/strong><\/p>\n<\/div>\n<\/div>\n<p>[\/vc_column_text][vc_empty_space height=&#8221;24px&#8221;]\t<div class=\"edgtf-call-to-action normal\" style=\"background: none;background-color: #FFFFFF\">\n\t\t\n\t\t\t\t<div class=\"edgtf-container-inner\">\n\t\t\n\t\t\t<div class=\"edgtf-call-to-action-together\" style=\"padding: 20px;text-align:center\">\n\t\t\t\t<div class=\"edgtf-text-wrapper edgtf-call-to-action-column1 edgtf-call-to-action-cell\">\n\t\t\t\t\t\t\t\t\t<div class=\"edgtf-call-to-action-text\" style=\"color: #FFFFFF\"><\/div>\n\t\t\t\t<\/div>\n\n\t\t\t\t\t\t\t\t\t<div class=\"edgtf-button-wrapper edgtf-call-to-action-column2 edgtf-call-to-action-cell\" style =\"text-align: center ;\">\n\t\t\t\t\t\t<a href=\"\/portfolio-item\/cg30-vento\/\" target=\"_self\" style=\"color: #00000000\" class=\"edgtf-btn edgtf-btn-medium edgtf-btn-solid edgtf-has-hover edgtf-btn-custom-hover-color\" data-hover-color=\"#00254B\" >    <span class=\"edgtf-btn-text\">SCOPRI IL PROGETTO<\/span>    <span class=\"edgtf-btn-background-holder\" style=\"background-color: #00000000;border: 1px solid #00254B\"><\/span>    <span class=\"edgtf-btn-background-hover-holder\" style=\"background: none;background-color: #00000000\"><\/span><\/a>\t\t\t\t\t<\/div>\n\t\t\t\t\t\t\t<\/div>\n\t\t\t\t<\/div>\n\t\t\t<\/div>\n[vc_empty_space][\/vc_column][\/vc_row][vc_row content_width=&#8221;grid&#8221; css=&#8221;.vc_custom_1767968512701{background: #F7F7F700 url(https:\/\/www.cossutti.it\/wp-content\/uploads\/2026\/01\/Raggruppa-21596.jpg?id=11422) !important;background-position: 0 0 !important;background-repeat: no-repeat !important;}&#8221;][vc_column css=&#8221;.vc_custom_1767959533347{background-color: #F7F7F700 !important;}&#8221;][vc_empty_space height=&#8221;45px&#8221;][vc_column_text css=&#8221;&#8221;]<\/p>\n<h2 style=\"font-family: 'Open Sans', sans-serif; font-weight: 500; font-size: clamp(28px, 6vw, 35px); line-height: 1.1; letter-spacing: 0.08em; color: #00254b;\">SPECIFICHE TECNICHE<\/h2>\n<p>[\/vc_column_text]<div class=\"edgtf-separator-holder clearfix  edgtf-separator-left\">\n\t<div class=\"edgtf-separator\" style=\"border-color: #00254B;border-style: solid;width: 100%;border-bottom-width: 1px;margin-top: 20px;margin-bottom: 40px\"><\/div>\n<\/div>\n[vc_column_text css=&#8221;&#8221;]<\/p>\n<div style=\"font-family: 'Open Sans', sans-serif; font-weight: 300; font-size: 18px; line-height: 1.5; text-align: left; color: #000; max-width: 1150px;\">\n<p><span style=\"font-weight: 600;\">DIMENSIONI E SPECIFICHE<\/span><br \/>\nLunghezza: 9.01 m<br \/>\nBaglio: 3.00 m<br \/>\nDislocamento: 2.950 kg<br \/>\nZavorra: 1.350 kg<br \/>\nPescaggio: 1.96 m<\/p>\n<p><span style=\"font-weight: 600;\">SUPERFICIE VELICA<\/span><br \/>\nBolina: 56,6 m\u00b2<br \/>\nPoppa: 131 m\u00b2<\/p>\n<p><span style=\"font-weight: 600;\">RATING<\/span><br \/>\nORC APH Full Crew (preliminare): 556 s\/m<br \/>\nORC APH DH (preliminare): 563 s\/m<\/p>\n<\/div>\n<p>[\/vc_column_text][vc_empty_space height=&#8221;100px&#8221;][\/vc_column][\/vc_row][vc_row content_width=&#8221;grid&#8221; content_aligment=&#8221;center&#8221; el_class=&#8221;paddingRow sottoSlider&#8221;][vc_column][vc_empty_space height=&#8221;80px&#8221;][vc_column_text css=&#8221;&#8221;]<\/p>\n<div style=\"width: 100%; display: flex; justify-content: center;\">\n<h2 style=\"font-family: 'Open Sans', sans-serif; font-weight: 200; font-size: clamp(28px, 6vw, 35px); line-height: 1.1; letter-spacing: 0.08em; margin: 0; max-width: 1150px; text-align: center; color: #00254b;\"><span style=\"font-weight: 500;\">Progettato per vincere, facile da gestire<br \/>\n<\/span><\/h2>\n<\/div>\n<p>[\/vc_column_text][vc_empty_space height=&#8221;5px&#8221;][vc_column_text css_animation=&#8221;none&#8221; css=&#8221;&#8221; el_class=&#8221;edgtf-section-subtitle&#8221;]<\/p>\n<div style=\"width: 100%; display: flex; justify-content: center; padding: 20px 0;\">\n<div style=\"max-width: 1250px; text-align: center; font-family: 'Open Sans', sans-serif; font-weight: 100; font-size: 18px; color: #000;\">\n<p style=\"margin: 0 0 1em 0;\">CG30 Vento nasce per offrire prestazioni elevate sia offshore sia tra le boe. \u00c8 una barca veloce con aria leggera, ma a suo agio anche in condizioni impegnative, equilibrata sia con equipaggio completo e perfettamente adatta per regate in doppio.<\/p>\n<p style=\"margin: 0 0 1em 0;\">Ogni scelta progettuale \u00e8 stata ottimizzata in funzione dei regolamenti ORC e IRC, con un obiettivo chiaro: massimizzare il rapporto tra velocit\u00e0 reale e rating.<\/p>\n<p style=\"margin: 0;\">Le forme dello scafo sono sviluppate sulle condizioni tipiche delle regate mediterranee ed europee: aria leggera, vento instabile, onda corta. Soluzioni dedicate permettono la rimozione rapida di chiglia e timoneria, rendendo il trasporto su rimorchio semplice e veloce. Il risultato \u00e8 una barca capace di mantenere velocit\u00e0 medie elevate senza eccessiva superficie bagnata, evitando soluzioni estreme pensate per l\u2019oceano.<\/p>\n<p style=\"margin: 0;\">&nbsp;<\/p>\n<\/div>\n<\/div>\n<p>[\/vc_column_text][vc_empty_space height=&#8221;24px&#8221;]\t<div class=\"edgtf-call-to-action normal\" style=\"background: none;background-color: #FFFFFF\">\n\t\t\n\t\t\t\t<div class=\"edgtf-container-inner\">\n\t\t\n\t\t\t<div class=\"edgtf-call-to-action-together\" style=\"padding: 20px;text-align:center\">\n\t\t\t\t<div class=\"edgtf-text-wrapper edgtf-call-to-action-column1 edgtf-call-to-action-cell\">\n\t\t\t\t\t\t\t\t\t<div class=\"edgtf-call-to-action-text\" style=\"color: #FFFFFF\"><\/div>\n\t\t\t\t<\/div>\n\n\t\t\t\t\t\t\t\t\t<div class=\"edgtf-button-wrapper edgtf-call-to-action-column2 edgtf-call-to-action-cell\" style =\"text-align: center ;\">\n\t\t\t\t\t\t<a href=\"\/portfolio-item\/cg30-vento\/\" target=\"_self\" style=\"color: #00000000\" class=\"edgtf-btn edgtf-btn-medium edgtf-btn-solid edgtf-has-hover edgtf-btn-custom-hover-color\" data-hover-color=\"#00254B\" >    <span class=\"edgtf-btn-text\">SCOPRI IL PROGETTO<\/span>    <span class=\"edgtf-btn-background-holder\" style=\"background-color: #00000000;border: 1px solid #00254B\"><\/span>    <span class=\"edgtf-btn-background-hover-holder\" style=\"background: none;background-color: #00000000\"><\/span><\/a>\t\t\t\t\t<\/div>\n\t\t\t\t\t\t\t<\/div>\n\t\t\t\t<\/div>\n\t\t\t<\/div>\n[vc_empty_space height=&#8221;80px&#8221;][\/vc_column][\/vc_row][vc_row content_width=&#8221;grid&#8221; content_aligment=&#8221;right&#8221; css=&#8221;.vc_custom_1767970385043{background-color: #F7F7F7 !important;background-position: 0 0 !important;background-repeat: no-repeat !important;}&#8221;][vc_column width=&#8221;1\/2&#8243; offset=&#8221;vc_hidden-xs&#8221;][vc_single_image image=&#8221;11470&#8243; img_size=&#8221;full&#8221; css=&#8221;&#8221;][\/vc_column][vc_column width=&#8221;1\/2&#8243; css=&#8221;.vc_custom_1767967731943{background-color: #F7F7F700 !important;}&#8221;][vc_empty_space height=&#8221;60px&#8221;][vc_column_text css=&#8221;&#8221;]<\/p>\n<h2 style=\"font-family: 'Open Sans', sans-serif; font-weight: 500; font-size: clamp(24px, 6vw, 35px); line-height: 1.1; letter-spacing: 0.08em; color: #00254b; text-align: right;\">Coperta pulita, per un controllo totale<\/h2>\n<p>[\/vc_column_text][vc_empty_space height=&#8221;30px&#8221;][vc_column_text css_animation=&#8221;none&#8221; css=&#8221;&#8221;]<\/p>\n<div style=\"width: 100%; display: flex; justify-content: center; padding: 20px 0;\">\n<div class=\"cg30-text-mobile\" style=\"text-align: right; font-family: 'Open Sans', sans-serif; font-weight: 100; font-size: 18px; color: #000; max-width: 950px;\">\n<p style=\"margin: 0px 0px 1em;\">Il design della coperta unisce estetica moderna e funzionalit\u00e0. Il pozzetto \u00e8 ampio, protetto e pensato per lavorare in sicurezza anche in condizioni impegnative. Il deck layout consente una conduzione efficace sia in solitario, che in doppio che con equipaggio completo.<\/p>\n<p style=\"margin: 0px 0px 1em;\">CG30 Vento offre due configurazioni di armo, entrambe pensate per semplicit\u00e0 ed efficacia, con randa Square-Top o semi Square-Top con paterazzo singolo o doppio.<\/p>\n<p style=\"margin: 0px;\">Scafo e coperta sono realizzati in sandwich sottovuoto con tessuti di vetro e core in PVC e PET, con resina vinilestere. Strutture interne e paratie sono lavorate CNC. Gli interni sono leggeri, robusti e funzionali, con cuccette fisse, zona carteggio, cucina compatta e spazi liberi per vele e attrezzatura.<\/p>\n<\/div>\n<\/div>\n<p>[\/vc_column_text][vc_empty_space height=&#8221;60px&#8221;][\/vc_column][\/vc_row][vc_row content_width=&#8221;grid&#8221; content_aligment=&#8221;center&#8221; el_class=&#8221;paddingRow sottoSlider&#8221; css=&#8221;.vc_custom_1767967924655{background-color: #FFFFFF !important;}&#8221;][vc_column][vc_column_text css_animation=&#8221;none&#8221; css=&#8221;&#8221; el_class=&#8221;edgtf-section-subtitle&#8221;]<\/p>\n<div style=\"width: 100%; display: flex; justify-content: center; padding: 20px 0;\">\n<div class=\"cg30-cta\" style=\"max-width: 1000px; text-align: center; font-family: 'Open Sans', sans-serif; font-weight: 500; font-size: 20px; line-height: 1.4; color: #000;\">\n<p style=\"margin: 0 0 1em 0;\"><span style=\"font-size: 20pt; color: #00254b;\">Vuoi saperne di pi\u00f9 o parlarne direttamente con noi?<\/span><\/p>\n<\/div>\n<\/div>\n<p>[\/vc_column_text]\t<div class=\"edgtf-call-to-action normal\" style=\"background: none;background-color: #FFFFFF\">\n\t\t\n\t\t\t\t<div class=\"edgtf-container-inner\">\n\t\t\n\t\t\t<div class=\"edgtf-call-to-action-together\" style=\"padding: 20px;text-align:center\">\n\t\t\t\t<div class=\"edgtf-text-wrapper edgtf-call-to-action-column1 edgtf-call-to-action-cell\">\n\t\t\t\t\t\t\t\t\t<div class=\"edgtf-call-to-action-text\" style=\"color: #FFFFFF\"><\/div>\n\t\t\t\t<\/div>\n\n\t\t\t\t\t\t\t\t\t<div class=\"edgtf-button-wrapper edgtf-call-to-action-column2 edgtf-call-to-action-cell\" style =\"text-align: center ;\">\n\t\t\t\t\t\t<a href=\"\/contatti\/\" target=\"_self\" style=\"color: #FFFFFF\" class=\"edgtf-btn edgtf-btn-medium edgtf-btn-solid edgtf-has-hover edgtf-btn-custom-hover-color\" data-hover-color=\"#1E73BE\" >    <span class=\"edgtf-btn-text\">CONTATTACI<\/span>    <span class=\"edgtf-btn-background-holder\" style=\"background-color: #FFFFFF;border: 1px solid #00254B\"><\/span>    <span class=\"edgtf-btn-background-hover-holder\" style=\"background: none;background-color: #FFFFFF;border: 1px solid #1E73BE\"><\/span><\/a>\t\t\t\t\t<\/div>\n\t\t\t\t\t\t\t<\/div>\n\t\t\t\t<\/div>\n\t\t\t<\/div>\n[vc_empty_space height=&#8221;30px&#8221;][\/vc_column][\/vc_row]<\/p>\n<\/div>","protected":false},"excerpt":{"rendered":"<p>[vc_row][vc_column][vc_single_image image=&#8221;11329&#8243; img_size=&#8221;full&#8221; alignment=&#8221;center&#8221; css=&#8221;&#8221;][\/vc_column][\/vc_row][vc_row content_width=&#8221;grid&#8221; content_aligment=&#8221;center&#8221; el_class=&#8221;paddingRow sottoSlider&#8221;][vc_column][vc_empty_space height=&#8221;60px&#8221;][vc_column_text css=&#8221;&#8221;] CG30 VENTO High performance offshore racer [\/vc_column_text][vc_empty_space height=&#8221;5px&#8221;][vc_column_text css_animation=&#8221;none&#8221; css=&#8221;&#8221; el_class=&#8221;edgtf-section-subtitle&#8221;] Cossutti\u2013Ganz Yacht Design presenta CG30 Vento, un offshore racer da 30 piedi progettato per unire alte performance, comfort e gestione semplificata. Frutto della&#8230;<\/p>\n","protected":false},"author":11,"featured_media":11329,"parent":0,"menu_order":2,"comment_status":"closed","ping_status":"closed","template":"full-width.php","meta":{"_acf_changed":false,"ngg_post_thumbnail":0,"footnotes":""},"class_list":["post-11303","page","type-page","status-publish","has-post-thumbnail","hentry"],"acf":[],"yoast_head":"<!-- This site is optimized with the Yoast SEO plugin v27.4 - https:\/\/yoast.com\/product\/yoast-seo-wordpress\/ -->\n<title>CG30 Vento Offshore Racer - Cossutti-Ganz Yacht Design<\/title>\n<meta name=\"description\" content=\"CG30 Vento \u00e8 il nuovo offshore racer di 30 piedi, nato dalla collaborazione tra Cossutti-Ganz Yacht Design e Northern Light Composites, per regate ORC e IRC.\" \/>\n<meta name=\"robots\" content=\"index, follow, max-snippet:-1, max-image-preview:large, max-video-preview:-1\" \/>\n<link rel=\"canonical\" href=\"https:\/\/www.cossutti.it\/it\/cg30-vento-presentazione\/\" \/>\n<meta property=\"og:locale\" content=\"it_IT\" \/>\n<meta property=\"og:type\" content=\"article\" \/>\n<meta property=\"og:title\" content=\"CG30 Vento Offshore Racer - Cossutti-Ganz Yacht Design\" \/>\n<meta property=\"og:description\" content=\"CG30 Vento \u00e8 il nuovo offshore racer di 30 piedi, nato dalla collaborazione tra Cossutti-Ganz Yacht Design e Northern Light Composites, per regate ORC e IRC.\" \/>\n<meta property=\"og:url\" content=\"https:\/\/www.cossutti.it\/it\/cg30-vento-presentazione\/\" \/>\n<meta property=\"og:site_name\" content=\"Cossutti-Ganz Yacht Design\" \/>\n<meta property=\"article:publisher\" content=\"https:\/\/www.facebook.com\/cossuttiyachtdesign\/\" \/>\n<meta property=\"article:modified_time\" content=\"2026-01-13T08:15:43+00:00\" \/>\n<meta property=\"og:image\" content=\"https:\/\/www.cossutti.it\/wp-content\/uploads\/2026\/01\/Image16_006.jpg\" \/>\n\t<meta property=\"og:image:width\" content=\"1920\" \/>\n\t<meta property=\"og:image:height\" content=\"1080\" \/>\n\t<meta property=\"og:image:type\" content=\"image\/jpeg\" \/>\n<meta name=\"twitter:card\" content=\"summary_large_image\" \/>\n<meta name=\"twitter:site\" content=\"@cossutti_design\" \/>\n<meta name=\"twitter:label1\" content=\"Tempo di lettura stimato\" \/>\n\t<meta name=\"twitter:data1\" content=\"4 minuti\" \/>\n<script type=\"application\/ld+json\" class=\"yoast-schema-graph\">{\"@context\":\"https:\\\/\\\/schema.org\",\"@graph\":[{\"@type\":\"WebPage\",\"@id\":\"https:\\\/\\\/www.cossutti.it\\\/it\\\/cg30-vento-presentazione\\\/\",\"url\":\"https:\\\/\\\/www.cossutti.it\\\/it\\\/cg30-vento-presentazione\\\/\",\"name\":\"CG30 Vento Offshore Racer - Cossutti-Ganz Yacht Design\",\"isPartOf\":{\"@id\":\"https:\\\/\\\/www.cossutti.it\\\/it\\\/#website\"},\"primaryImageOfPage\":{\"@id\":\"https:\\\/\\\/www.cossutti.it\\\/it\\\/cg30-vento-presentazione\\\/#primaryimage\"},\"image\":{\"@id\":\"https:\\\/\\\/www.cossutti.it\\\/it\\\/cg30-vento-presentazione\\\/#primaryimage\"},\"thumbnailUrl\":\"https:\\\/\\\/www.cossutti.it\\\/wp-content\\\/uploads\\\/2026\\\/01\\\/Image16_006.jpg\",\"datePublished\":\"2026-01-09T14:30:24+00:00\",\"dateModified\":\"2026-01-13T08:15:43+00:00\",\"description\":\"CG30 Vento \u00e8 il nuovo offshore racer di 30 piedi, nato dalla collaborazione tra Cossutti-Ganz Yacht Design e Northern Light Composites, per regate ORC e IRC.\",\"breadcrumb\":{\"@id\":\"https:\\\/\\\/www.cossutti.it\\\/it\\\/cg30-vento-presentazione\\\/#breadcrumb\"},\"inLanguage\":\"it-IT\",\"potentialAction\":[{\"@type\":\"ReadAction\",\"target\":[\"https:\\\/\\\/www.cossutti.it\\\/it\\\/cg30-vento-presentazione\\\/\"]}]},{\"@type\":\"ImageObject\",\"inLanguage\":\"it-IT\",\"@id\":\"https:\\\/\\\/www.cossutti.it\\\/it\\\/cg30-vento-presentazione\\\/#primaryimage\",\"url\":\"https:\\\/\\\/www.cossutti.it\\\/wp-content\\\/uploads\\\/2026\\\/01\\\/Image16_006.jpg\",\"contentUrl\":\"https:\\\/\\\/www.cossutti.it\\\/wp-content\\\/uploads\\\/2026\\\/01\\\/Image16_006.jpg\",\"width\":1920,\"height\":1080,\"caption\":\"CG30 Vento\"},{\"@type\":\"BreadcrumbList\",\"@id\":\"https:\\\/\\\/www.cossutti.it\\\/it\\\/cg30-vento-presentazione\\\/#breadcrumb\",\"itemListElement\":[{\"@type\":\"ListItem\",\"position\":1,\"name\":\"Home\",\"item\":\"https:\\\/\\\/www.cossutti.it\\\/it\\\/\"},{\"@type\":\"ListItem\",\"position\":2,\"name\":\"CG30 Vento presentazione\"}]},{\"@type\":\"WebSite\",\"@id\":\"https:\\\/\\\/www.cossutti.it\\\/it\\\/#website\",\"url\":\"https:\\\/\\\/www.cossutti.it\\\/it\\\/\",\"name\":\"Cossutti-Ganz Yacht Design\",\"description\":\"Precision in Design. Excellence in Performance.\",\"publisher\":{\"@id\":\"https:\\\/\\\/www.cossutti.it\\\/it\\\/#organization\"},\"potentialAction\":[{\"@type\":\"SearchAction\",\"target\":{\"@type\":\"EntryPoint\",\"urlTemplate\":\"https:\\\/\\\/www.cossutti.it\\\/it\\\/?s={search_term_string}\"},\"query-input\":{\"@type\":\"PropertyValueSpecification\",\"valueRequired\":true,\"valueName\":\"search_term_string\"}}],\"inLanguage\":\"it-IT\"},{\"@type\":\"Organization\",\"@id\":\"https:\\\/\\\/www.cossutti.it\\\/it\\\/#organization\",\"name\":\"Cossutti Yacht Design\",\"url\":\"https:\\\/\\\/www.cossutti.it\\\/it\\\/\",\"logo\":{\"@type\":\"ImageObject\",\"inLanguage\":\"it-IT\",\"@id\":\"https:\\\/\\\/www.cossutti.it\\\/it\\\/#\\\/schema\\\/logo\\\/image\\\/\",\"url\":\"https:\\\/\\\/www.cossutti.it\\\/wp-content\\\/uploads\\\/2018\\\/04\\\/cossutti.png\",\"contentUrl\":\"https:\\\/\\\/www.cossutti.it\\\/wp-content\\\/uploads\\\/2018\\\/04\\\/cossutti.png\",\"width\":210,\"height\":91,\"caption\":\"Cossutti Yacht Design\"},\"image\":{\"@id\":\"https:\\\/\\\/www.cossutti.it\\\/it\\\/#\\\/schema\\\/logo\\\/image\\\/\"},\"sameAs\":[\"https:\\\/\\\/www.facebook.com\\\/cossuttiyachtdesign\\\/\",\"https:\\\/\\\/x.com\\\/cossutti_design\",\"https:\\\/\\\/www.instagram.com\\\/cossuttiyachtdesign\\\/\",\"https:\\\/\\\/www.linkedin.com\\\/company\\\/cossutti-yacht-design\\\/\"]}]}<\/script>\n<!-- \/ Yoast SEO plugin. -->","yoast_head_json":{"title":"CG30 Vento Offshore Racer - Cossutti-Ganz Yacht Design","description":"CG30 Vento \u00e8 il nuovo offshore racer di 30 piedi, nato dalla collaborazione tra Cossutti-Ganz Yacht Design e Northern Light Composites, per regate ORC e IRC.","robots":{"index":"index","follow":"follow","max-snippet":"max-snippet:-1","max-image-preview":"max-image-preview:large","max-video-preview":"max-video-preview:-1"},"canonical":"https:\/\/www.cossutti.it\/it\/cg30-vento-presentazione\/","og_locale":"it_IT","og_type":"article","og_title":"CG30 Vento Offshore Racer - Cossutti-Ganz Yacht Design","og_description":"CG30 Vento \u00e8 il nuovo offshore racer di 30 piedi, nato dalla collaborazione tra Cossutti-Ganz Yacht Design e Northern Light Composites, per regate ORC e IRC.","og_url":"https:\/\/www.cossutti.it\/it\/cg30-vento-presentazione\/","og_site_name":"Cossutti-Ganz Yacht Design","article_publisher":"https:\/\/www.facebook.com\/cossuttiyachtdesign\/","article_modified_time":"2026-01-13T08:15:43+00:00","og_image":[{"width":1920,"height":1080,"url":"https:\/\/www.cossutti.it\/wp-content\/uploads\/2026\/01\/Image16_006.jpg","type":"image\/jpeg"}],"twitter_card":"summary_large_image","twitter_site":"@cossutti_design","twitter_misc":{"Tempo di lettura stimato":"4 minuti"},"schema":{"@context":"https:\/\/schema.org","@graph":[{"@type":"WebPage","@id":"https:\/\/www.cossutti.it\/it\/cg30-vento-presentazione\/","url":"https:\/\/www.cossutti.it\/it\/cg30-vento-presentazione\/","name":"CG30 Vento Offshore Racer - Cossutti-Ganz Yacht Design","isPartOf":{"@id":"https:\/\/www.cossutti.it\/it\/#website"},"primaryImageOfPage":{"@id":"https:\/\/www.cossutti.it\/it\/cg30-vento-presentazione\/#primaryimage"},"image":{"@id":"https:\/\/www.cossutti.it\/it\/cg30-vento-presentazione\/#primaryimage"},"thumbnailUrl":"https:\/\/www.cossutti.it\/wp-content\/uploads\/2026\/01\/Image16_006.jpg","datePublished":"2026-01-09T14:30:24+00:00","dateModified":"2026-01-13T08:15:43+00:00","description":"CG30 Vento \u00e8 il nuovo offshore racer di 30 piedi, nato dalla collaborazione tra Cossutti-Ganz Yacht Design e Northern Light Composites, per regate ORC e IRC.","breadcrumb":{"@id":"https:\/\/www.cossutti.it\/it\/cg30-vento-presentazione\/#breadcrumb"},"inLanguage":"it-IT","potentialAction":[{"@type":"ReadAction","target":["https:\/\/www.cossutti.it\/it\/cg30-vento-presentazione\/"]}]},{"@type":"ImageObject","inLanguage":"it-IT","@id":"https:\/\/www.cossutti.it\/it\/cg30-vento-presentazione\/#primaryimage","url":"https:\/\/www.cossutti.it\/wp-content\/uploads\/2026\/01\/Image16_006.jpg","contentUrl":"https:\/\/www.cossutti.it\/wp-content\/uploads\/2026\/01\/Image16_006.jpg","width":1920,"height":1080,"caption":"CG30 Vento"},{"@type":"BreadcrumbList","@id":"https:\/\/www.cossutti.it\/it\/cg30-vento-presentazione\/#breadcrumb","itemListElement":[{"@type":"ListItem","position":1,"name":"Home","item":"https:\/\/www.cossutti.it\/it\/"},{"@type":"ListItem","position":2,"name":"CG30 Vento presentazione"}]},{"@type":"WebSite","@id":"https:\/\/www.cossutti.it\/it\/#website","url":"https:\/\/www.cossutti.it\/it\/","name":"Cossutti-Ganz Yacht Design","description":"Precision in Design. Excellence in Performance.","publisher":{"@id":"https:\/\/www.cossutti.it\/it\/#organization"},"potentialAction":[{"@type":"SearchAction","target":{"@type":"EntryPoint","urlTemplate":"https:\/\/www.cossutti.it\/it\/?s={search_term_string}"},"query-input":{"@type":"PropertyValueSpecification","valueRequired":true,"valueName":"search_term_string"}}],"inLanguage":"it-IT"},{"@type":"Organization","@id":"https:\/\/www.cossutti.it\/it\/#organization","name":"Cossutti Yacht Design","url":"https:\/\/www.cossutti.it\/it\/","logo":{"@type":"ImageObject","inLanguage":"it-IT","@id":"https:\/\/www.cossutti.it\/it\/#\/schema\/logo\/image\/","url":"https:\/\/www.cossutti.it\/wp-content\/uploads\/2018\/04\/cossutti.png","contentUrl":"https:\/\/www.cossutti.it\/wp-content\/uploads\/2018\/04\/cossutti.png","width":210,"height":91,"caption":"Cossutti Yacht Design"},"image":{"@id":"https:\/\/www.cossutti.it\/it\/#\/schema\/logo\/image\/"},"sameAs":["https:\/\/www.facebook.com\/cossuttiyachtdesign\/","https:\/\/x.com\/cossutti_design","https:\/\/www.instagram.com\/cossuttiyachtdesign\/","https:\/\/www.linkedin.com\/company\/cossutti-yacht-design\/"]}]}},"_links":{"self":[{"href":"https:\/\/www.cossutti.it\/it\/wp-json\/wp\/v2\/pages\/11303","targetHints":{"allow":["GET"]}}],"collection":[{"href":"https:\/\/www.cossutti.it\/it\/wp-json\/wp\/v2\/pages"}],"about":[{"href":"https:\/\/www.cossutti.it\/it\/wp-json\/wp\/v2\/types\/page"}],"author":[{"embeddable":true,"href":"https:\/\/www.cossutti.it\/it\/wp-json\/wp\/v2\/users\/11"}],"replies":[{"embeddable":true,"href":"https:\/\/www.cossutti.it\/it\/wp-json\/wp\/v2\/comments?post=11303"}],"version-history":[{"count":5,"href":"https:\/\/www.cossutti.it\/it\/wp-json\/wp\/v2\/pages\/11303\/revisions"}],"predecessor-version":[{"id":11498,"href":"https:\/\/www.cossutti.it\/it\/wp-json\/wp\/v2\/pages\/11303\/revisions\/11498"}],"wp:featuredmedia":[{"embeddable":true,"href":"https:\/\/www.cossutti.it\/it\/wp-json\/wp\/v2\/media\/11329"}],"wp:attachment":[{"href":"https:\/\/www.cossutti.it\/it\/wp-json\/wp\/v2\/media?parent=11303"}],"curies":[{"name":"wp","href":"https:\/\/api.w.org\/{rel}","templated":true}]}}